{"id":1814,"date":"2018-11-26T12:45:27","date_gmt":"2018-11-26T12:45:27","guid":{"rendered":"https:\/\/platinumnanny.com\/home\/"},"modified":"2024-09-26T05:32:13","modified_gmt":"2024-09-26T05:32:13","slug":"home","status":"publish","type":"page","link":"https:\/\/platinumnanny.com\/fr\/","title":{"rendered":"Accueil"},"content":{"rendered":"\n\n\t\t\t<h1>\n\t\t\t\t\tService de Recrutement Sur Mesure\n\t\t\t\t<\/h1>\n\t\t\t<p><strong>Service en Or Pour Votre Famille<\/strong><\/p>\n<p><strong>Sp\u00e9cialistes\u00a0dans le service des clients royaux, UHNW et VIP dans le monde entier.<\/strong><\/p>\n<p><strong><em>Monaco\u00a0<\/em><\/strong>\u25cf\u00a0<strong><em>Londres\u00a0\u25cf\u00a0Dubai \u00a0\u25cf Gen\u00e8ve<\/em><\/strong><\/p>\n\t\t\t<a href=\"https:\/\/platinumnanny.com\/fr\/clients\/\" target=\"_self\" role=\"button\" rel=\"noopener\">\n\t\t\t\t\t\tJe suis Client\n\t\t<\/a>\n\t\t\t<a href=\"https:\/\/platinumnanny.com\/fr\/candidates\/\" target=\"_self\" role=\"button\" rel=\"noopener\">\n\t\t\t\t\t\tJe suis Candidat\n\t\t<\/a>\n\t\t\t<h4>\n\t\t\t\t\t\u00c0 Propos de Nous\n\t\t\t\t<\/h4>\n\t\t\t<h2>\n\t\t\t\t\tRecrutement Sur Mesure de Nounous, Assistants &amp; Personnel Domestique\n\t\t\t\t<\/h2>\n\t<p><strong><em>Sp\u00e9cialistes de recrutement et placement de personnel priv\u00e9 de qualit\u00e9.<\/em><\/strong><\/p>\n<p><strong><em>Platinum Nanny <\/em><\/strong>est sp\u00e9cialis\u00e9 dans le recrutement de nounous, assistants &amp; personnel domestique de qualit\u00e9 pour nos clients de Monaco, Londres, Suisse, Russie, \u00c9mirats Arabes Unis, sur la C\u00f4te d&rsquo;Azur et dans le monde entier.<\/p>\n<p><em>Notre service de recrutement platine <\/em>fait tout le travail pour vous assurer une tranquillit\u00e9 d&rsquo;esprit compl\u00e8te. Nous nous occupons de tout\u00a0: de la v\u00e9rification des permis de travail, des pi\u00e8ces d&rsquo;identit\u00e9, des casiers judiciaires et v\u00e9rifications du Bulletin Num\u00e9ro 3, des certificats de premiers secours, des qualifications, des v\u00e9rifications de DPC ainsi que des r\u00e9f\u00e9rences \u00e9crites et verbales. Nous entreprenons un contr\u00f4le strict et comprenons \u00e0 quel point il est important d&rsquo;\u00eatre pleinement satisfait de tous les aspects d&rsquo;un candidat que vous envisagez d&#8217;employer pour prendre soin de vos enfants ou de votre demeure.<\/p>\n<p>Nous faisons des recherches sur mesure pour s&rsquo;adapter aux besoins sp\u00e9cifiques de chaque famille et interrogeons soigneusement les candidats afin de comprendre leurs comp\u00e9tences et leurs r\u00e9sultats dans leurs postes pr\u00e9c\u00e9dents, en les informant sur les d\u00e9tails de chaque emploi avant de faire des pr\u00e9sentations pour assurer une ad\u00e9quation parfaite.<\/p>\n<p>Donc, si vous avez besoin d&rsquo;une nounou, une nounou bilingue, une infirmi\u00e8re de maternit\u00e9 ou une au-pair pour accompagner votre famille \u00e0 l&rsquo;\u00e9tranger ou si vous avez besoin d&rsquo;une femme de m\u00e9nage efficace, d&rsquo;un concierge ou assistant personnel<strong>, Platinum Nanny<\/strong> peut presque certainement trouver le bon candidat pour vous!<\/p>\n<p><a href=\"https:\/\/platinumnanny.com\/fr\/faq\/\">Consultez nos questions fr\u00e9quemment pos\u00e9es (FAQ)<\/a><\/p>\n\t<p><a href=\"mailto:info@platinumnanny.com\"><em>info@platinumnanny.com<\/em><\/a><\/p>\n\t\t\t<a href=\"https:\/\/platinumnanny.com\/fr\/contact\/\" target=\"_self\" role=\"button\" rel=\"noopener\">\n\t\t\t\t\t\tContact\n\t\t<\/a>\n\t\t\t<h3>\n\t\t\t\t\tLe recrutement sur mesure par Platinum Nanny garantit un service platine rapide et efficace.\n\t\t\t\t<\/h3>\n\t\t\t<p>Notre service sur mesure qui comprend un contr\u00f4le strict de chaque candidat pr\u00e9sent\u00e9 vous garantit la tranquillit\u00e9 d&rsquo;esprit. Con\u00e7u pour r\u00e9pondre au plus haut niveau d&rsquo;attente de notre client\u00e8le exigeante, nous prenons le temps de bien comprendre votre offre, vos besoins et vos demandes sp\u00e9ciales pour nous aider \u00e0 vous d\u00e9nicher le candidat parfait. C&rsquo;est cette attention aux d\u00e9tails et ce niveau de service exceptionnel qui nous distinguent v\u00e9ritablement des autres agences europ\u00e9ennes. Tous nos placements comprennent une garantie de remplacement de 3 mois.<\/p>\n\t\t\t<h4>\n\t\t\t\t\tMougins, C\u00f4te d&rsquo;Azur\n\t\t\t\t<\/h4>\n\t\t\t<p>\u00ab Nos enfants adorent leur nouvelle nounou. Elle est amusante, pleine de joie de vivre et invente de nouveaux jeux et activit\u00e9s tout le temps. Nous avons choisi d&#8217;embaucher une nounou qui parle danois et anglais par Platinum Nanny et nous sommes tr\u00e8s heureux de notre d\u00e9cision. Service impeccable. Merci.\u00a0\u00bb<\/p>\n\t\t\t<h4>\n\t\t\t\t\tMonaco, Monte-Carlo\n\t\t\t\t<\/h4>\n\t\t\t<p>\u00ab Une exp\u00e9rience sans stress du d\u00e9but \u00e0 la fin. Platinum Nanny a trouv\u00e9 une nounou franco-anglaise parfaite pour nos filles. Faire confiance \u00e0 leur \u00e9quipe \u00e9tait une excellente d\u00e9cision.\u00a0\u00bb<\/p>\n\t\t\t<h4>\n\t\t\t\t\tParis, France\n\t\t\t\t<\/h4>\n\t\t\t<p>\u00ab Nous avons contact\u00e9 Platinum Nanny lorsque nous cherchions une nounou anglophone pour notre famille. Les candidats pr\u00e9sent\u00e9s \u00e9taient exceptionnels et leurs papiers et r\u00e9f\u00e9rences avaient d\u00e9j\u00e0 \u00e9t\u00e9 v\u00e9rifi\u00e9s, ce qui \u00e9tait rassurant. Platinum Nanny a organis\u00e9 l&rsquo;ensemble du processus efficacement. Je recommande vivement.\u00a0\u00bb<\/p>\n\t\t\t<h2>\n\t\t\t\t\tT\u00c9MOIGNAGES\n\t\t\t\t<\/h2>\n\t\t\t\t<img loading=\"lazy\" decoding=\"async\" src=\"https:\/\/platinumnanny.com\/wp-content\/uploads\/2021\/03\/3-1.png\" alt=\"3\" itemprop=\"image\" height=\"500\" width=\"500\" title=\"3\" onerror=\"this.style.display='none'\"  \/>\n\t\t\t<h4>\n\t\t\t\t\tNounous \/ Gouvernantes \/ Tuteurs\n\t\t\t\t<\/h4>\n\t\t\t\t<img loading=\"lazy\" decoding=\"async\" src=\"https:\/\/platinumnanny.com\/wp-content\/uploads\/2021\/04\/Platinum-Nanny-Instagram-2.png\" alt=\"Maid housekeeper chef\" itemprop=\"image\" height=\"1080\" width=\"1080\" title=\"Platinum Nanny Instagram 2\" onerror=\"this.style.display='none'\"  \/>\n\t\t\t<h4>\n\t\t\t\t\tPersonnel Domestique \/ Concierges \/ Chefs\n\t\t\t\t<\/h4>\n\t\t\t\t<img loading=\"lazy\" decoding=\"async\" src=\"https:\/\/platinumnanny.com\/wp-content\/uploads\/2024\/09\/10-1.webp\" alt=\"From Megayacht to Mansion\" itemprop=\"image\" height=\"2160\" width=\"2160\" title=\"10 (1)\" onerror=\"this.style.display='none'\"  \/>\n\t\t\t<h4>\n\t\t\t\t\t\u00c9quipage de Yacht\n\t\t\t\t<\/h4>\n\t\t\t<h4>\n\t\t\t\t\t\u00c9quipage de Yacht\n\t\t\t\t<\/h4>\n\t\t\t<h4>\n\t\t\t\t\t\u00c9quipage de Yacht\n\t\t\t\t<\/h4>\n\t\t\t\t<img loading=\"lazy\" decoding=\"async\" src=\"https:\/\/platinumnanny.com\/wp-content\/uploads\/2021\/04\/Platinum-Nanny-Instagram-5.png\" alt=\"Family Office Personnel \" itemprop=\"image\" height=\"1080\" width=\"1080\" title=\"Platinum Nanny Instagram 5\" onerror=\"this.style.display='none'\"  \/>\n\t\t\t<h4>\n\t\t\t\t\tAssistants Personnels \/ Family Office\n\t\t\t\t<\/h4>\n\t\t\t<h3>\n\t\t\t\t\tNous serions ravis de vous aider dans votre recherche, nous avons de nombreuses nounous et autres membres du personnel priv\u00e9 exp\u00e9riment\u00e9s et qualifi\u00e9s \u00e0 la recherche de leur prochain poste.\n\t\t\t\t<\/h3>\n\t\t\t<a href=\"https:\/\/platinumnanny.com\/fr\/contact\/\" target=\"_self\" role=\"button\" rel=\"noopener\">\n\t\t\t\t\t\tContact\n\t\t<\/a>\n\t\t\t<h5>\n\t\t\t\t\tContact\n\t\t\t\t<\/h5>\n\t<ul>\n\t\t<li><a href=\"https:\/\/nstagram.com\/platinumnannyagency\" target=\"_self\" rel=\"noopener\"><\/a>\t\t\t\t\n\t\tInstagram: @platinumnannyagency<\/li><li>\t\t\t\t\n\t\tFacebook: @platinumnanny<\/li><li>\t\t\t\t\n\t\tinfo@platinumnanny.com<\/li><li>\t\t\t\t\n\t\t+33 7 60 03 83 55<\/li>\t<\/ul>\n\n","protected":false},"excerpt":{"rendered":"<p>Service de Recrutement Sur Mesure Service en Or Pour Votre Famille Sp\u00e9cialistes\u00a0dans le service des clients royaux, UHNW et VIP dans le monde entier. Monaco\u00a0\u25cf\u00a0Londres\u00a0\u25cf\u00a0Dubai \u00a0\u25cf Gen\u00e8ve Je suis Client Je suis Candidat \u00c0 Propos de Nous Recrutement Sur Mesure de Nounous, Assistants &amp; Personnel Domestique Sp\u00e9cialistes de recrutement et placement de personnel priv\u00e9 de [&hellip;]<\/p>\n","protected":false},"author":1,"featured_media":0,"parent":0,"menu_order":0,"comment_status":"closed","ping_status":"closed","template":"","meta":{"site-sidebar-layout":"no-sidebar","site-content-layout":"page-builder","ast-site-content-layout":"full-width-container","site-content-style":"unboxed","site-sidebar-style":"unboxed","ast-global-header-display":"","ast-banner-title-visibility":"","ast-main-header-display":"","ast-hfb-above-header-display":"","ast-hfb-below-header-display":"","ast-hfb-mobile-header-display":"","site-post-title":"disabled","ast-breadcrumbs-content":"","ast-featured-img":"disabled","footer-sml-layout":"","ast-disable-related-posts":"","theme-transparent-header-meta":"enabled","adv-header-id-meta":"","stick-header-meta":"","header-above-stick-meta":"","header-main-stick-meta":"","header-below-stick-meta":"","astra-migrate-meta-layouts":"set","ast-page-background-enabled":"default","ast-page-background-meta":{"desktop":{"background-color":"","background-image":"","background-repeat":"repeat","background-position":"center center","background-size":"auto","background-attachment":"scroll","background-type":"","background-media":"","overlay-type":"","overlay-color":"","overlay-opacity":"","overlay-gradient":""},"tablet":{"background-color":"","background-image":"","background-repeat":"repeat","background-position":"center center","background-size":"auto","background-attachment":"scroll","background-type":"","background-media":"","overlay-type":"","overlay-color":"","overlay-opacity":"","overlay-gradient":""},"mobile":{"background-color":"","background-image":"","background-repeat":"repeat","background-position":"center center","background-size":"auto","background-attachment":"scroll","background-type":"","background-media":"","overlay-type":"","overlay-color":"","overlay-opacity":"","overlay-gradient":""}},"ast-content-background-meta":{"desktop":{"background-color":"var(--ast-global-color-5)","background-image":"","background-repeat":"repeat","background-position":"center center","background-size":"auto","background-attachment":"scroll","background-type":"","background-media":"","overlay-type":"","overlay-color":"","overlay-opacity":"","overlay-gradient":""},"tablet":{"background-color":"var(--ast-global-color-5)","background-image":"","background-repeat":"repeat","background-position":"center center","background-size":"auto","background-attachment":"scroll","background-type":"","background-media":"","overlay-type":"","overlay-color":"","overlay-opacity":"","overlay-gradient":""},"mobile":{"background-color":"var(--ast-global-color-5)","background-image":"","background-repeat":"repeat","background-position":"center center","background-size":"auto","background-attachment":"scroll","background-type":"","background-media":"","overlay-type":"","overlay-color":"","overlay-opacity":"","overlay-gradient":""}},"footnotes":""},"class_list":["post-1814","page","type-page","status-publish","hentry"],"_links":{"self":[{"href":"https:\/\/platinumnanny.com\/fr\/wp-json\/wp\/v2\/pages\/1814","targetHints":{"allow":["GET"]}}],"collection":[{"href":"https:\/\/platinumnanny.com\/fr\/wp-json\/wp\/v2\/pages"}],"about":[{"href":"https:\/\/platinumnanny.com\/fr\/wp-json\/wp\/v2\/types\/page"}],"author":[{"embeddable":true,"href":"https:\/\/platinumnanny.com\/fr\/wp-json\/wp\/v2\/users\/1"}],"replies":[{"embeddable":true,"href":"https:\/\/platinumnanny.com\/fr\/wp-json\/wp\/v2\/comments?post=1814"}],"version-history":[{"count":20,"href":"https:\/\/platinumnanny.com\/fr\/wp-json\/wp\/v2\/pages\/1814\/revisions"}],"predecessor-version":[{"id":28557,"href":"https:\/\/platinumnanny.com\/fr\/wp-json\/wp\/v2\/pages\/1814\/revisions\/28557"}],"wp:attachment":[{"href":"https:\/\/platinumnanny.com\/fr\/wp-json\/wp\/v2\/media?parent=1814"}],"curies":[{"name":"wp","href":"https:\/\/api.w.org\/{rel}","templated":true}]}}