{"id":2815,"date":"2021-03-12T16:28:15","date_gmt":"2021-03-12T16:28:15","guid":{"rendered":"https:\/\/platinumnanny.com\/faq\/"},"modified":"2021-04-19T18:43:17","modified_gmt":"2021-04-19T18:43:17","slug":"faq","status":"publish","type":"page","link":"https:\/\/platinumnanny.com\/fr\/faq\/","title":{"rendered":"FAQ"},"content":{"rendered":"\n\n\t<h1>\n\t\t\t\t\tFAQ\n\t\t\t\t<\/h1>\n\t<h4>\n\t\t\t\t\tPourquoi devrais-je utiliser une agence pour trouver une nounou?\n\t\t\t\t<\/h4>\n<p>L&rsquo;objectif de Platinum Nanny est de prot\u00e9ger les int\u00e9r\u00eats des clients, minimiser les risques, travailler rapidement, fournir des garanties et, surtout, de fournir de la qualit\u00e9. Nos consultants exp\u00e9riment\u00e9s s\u00e9lectionnent soigneusement les candidats en utilisant notre processus de recrutement exclusif. En cons\u00e9quence, notre base de donn\u00e9es contient des profils enti\u00e8rement v\u00e9rifi\u00e9s de candidats hautement exp\u00e9riment\u00e9s et pleinement qualifi\u00e9s qui sont pr\u00eats \u00e0 commencer \u00e0 travailler. Nos consultants multilingues savent exactement comment trouver le meilleur personnel priv\u00e9 pour votre famille et nous sommes fiers de la qualit\u00e9 de nos candidats, de notre service client exceptionnel et de nos placements rapides et fluides.\u00a0Platinum Nanny fera tout le travail difficile, vous donnera ainsi la tranquillit\u00e9 d&rsquo;esprit et trouvera des candidats exceptionnels poss\u00e9dant l&rsquo;exp\u00e9rience et les int\u00e9r\u00eats requis pour combler votre poste vacant.<\/p>\n\t<h4>\n\t\t\t\t\tQuels contr\u00f4les effectuez-vous?\n\t\t\t\t<\/h4>\n\t\t\t<p>Nous invitons tous les candidats pour un entretien en personne ou virtuel, au cours duquel nous approfondissons leurs comp\u00e9tences, leurs qualifications et leur exp\u00e9rience. Nous examinons les documents originaux pour v\u00e9rifier leur identit\u00e9, leur droit au travail \/ visa, leur casier judiciaire, les qualifications et certificats professionnels, et demandons des informations d\u00e9taill\u00e9es sur leurs r\u00e9f\u00e9rences. Nous recherchons les comp\u00e9tences et exp\u00e9riences appropri\u00e9es et nous concentrons sur leurs int\u00e9r\u00eats et leur personnalit\u00e9. Enfin, nous discutons avec d&rsquo;anciens employeurs et leurs r\u00e9f\u00e9rences acad\u00e9miques pour confirmer leurs ant\u00e9c\u00e9dents professionnels, leurs qualifications et leurs r\u00e9f\u00e9rences.<\/p>\n\t<h4>\n\t\t\t\t\tV\u00e9rification du casier judiciaire &#8211; Qu&rsquo;est-ce qu&rsquo;un DBS et l&rsquo;\u00e9quivalent fran\u00e7ais et \u00e0 l&rsquo;\u00e9tranger ?\n\t\t\t\t<\/h4>\n\t\t\t<p>Un DBS au Royaume-Uni examine les ant\u00e9c\u00e9dents criminels complets d&rsquo;une personne afin d&rsquo;\u00e9tablir une autorisation pour les personnes travaillant avec des adultes et des enfants vuln\u00e9rables. Il n&rsquo;est pas obligatoire pour les nounous d&rsquo;avoir une v\u00e9rification DBS, mais c&rsquo;est une exigence standard dans le m\u00e9tier. En France, le Bulletin Num\u00e9ro 3 montrant un casier judiciaire vierge est utilis\u00e9 pour tout candidat.<\/p>\n<p>Les candidats \u00e0 l&rsquo;\u00e9tranger doivent avoir des certificats de bonne conduite des ambassades concern\u00e9es de tout pays o\u00f9 ils ont v\u00e9cu pendant 12 mois ou plus au cours des 5 ans pr\u00e9c\u00e9dant la date de la demande d&#8217;emploi, alors qu&rsquo;ils \u00e9taient \u00e2g\u00e9s de 18 ans ou plus.<\/p>\n\t<h4>\n\t\t\t\t\tPuis-je organiser une journ\u00e9e d&rsquo;essai avec ma nounou?\n\t\t\t\t<\/h4>\n\t\t\t<p>Oui. C&rsquo;est toujours une bonne id\u00e9e pour la famille et la nounou d&rsquo;organiser au moins un jour d&rsquo;essai avant de lancer dans un contrat. Nous pouvons fournir plus d&rsquo;informations sur l&rsquo;importance d&rsquo;un essai lors de consultations individuelles avec nos clients.<\/p>\n\t<h4>\n\t\t\t\t\tO\u00f9 travaillez-vous?\n\t\t\t\t<\/h4>\n\t\t\t<p>Notre service sur mesure est international et adapt\u00e9 aux familles bas\u00e9es principalement \u00e0 Monaco, sur la C\u00f4te d&rsquo;Azur, en Russie, aux Emirats Arabes Unis et au Royaume-Uni.<\/p>\n\t<h3>\n\t\t\t\t\tNotre service sur mesure est international et adapt\u00e9 aux familles bas\u00e9es principalement \u00e0 Monaco, sur la C\u00f4te d&rsquo;Azur, en Russie, aux Emirats Arabes Unis et au Royaume-Uni.\n\t\t\t\t<\/h3>\n\t\t\t<a href=\"https:\/\/platinumnanny.com\/fr\/\" target=\"_self\" role=\"button\" rel=\"noopener\">\n\t\t\t\t\t\tRetour \u00e0 l&rsquo;Accueil\n\t\t<\/a>\n\t<h5>\n\t\t\t\t\tContact\n\t\t\t\t<\/h5>\n\t<ul>\n\t\t<li>\t\t\t\t\n\t\t<\/li><li>\t\t\t\t\n\t\t<\/li><li>\t\t\t\t\n\t\t<\/li><li>\t\t\t\t\n\t\t<\/li>\t<\/ul>\n\n","protected":false},"excerpt":{"rendered":"<p>FAQ Pourquoi devrais-je utiliser une agence pour trouver une nounou? L&rsquo;objectif de Platinum Nanny est de prot\u00e9ger les int\u00e9r\u00eats des clients, minimiser les risques, travailler rapidement, fournir des garanties et, surtout, de fournir de la qualit\u00e9. Nos consultants exp\u00e9riment\u00e9s s\u00e9lectionnent soigneusement les candidats en utilisant notre processus de recrutement exclusif. En cons\u00e9quence, notre base de [&hellip;]<\/p>\n","protected":false},"author":1,"featured_media":0,"parent":0,"menu_order":0,"comment_status":"closed","ping_status":"closed","template":"","meta":{"site-sidebar-layout":"no-sidebar","site-content-layout":"page-builder","ast-site-content-layout":"full-width-container","site-content-style":"unboxed","site-sidebar-style":"unboxed","ast-global-header-display":"","ast-banner-title-visibility":"","ast-main-header-display":"","ast-hfb-above-header-display":"","ast-hfb-below-header-display":"","ast-hfb-mobile-header-display":"","site-post-title":"disabled","ast-breadcrumbs-content":"","ast-featured-img":"","footer-sml-layout":"","ast-disable-related-posts":"","theme-transparent-header-meta":"enabled","adv-header-id-meta":"","stick-header-meta":"","header-above-stick-meta":"","header-main-stick-meta":"","header-below-stick-meta":"","astra-migrate-meta-layouts":"default","ast-page-background-enabled":"default","ast-page-background-meta":{"desktop":{"background-color":"","background-image":"","background-repeat":"repeat","background-position":"center center","background-size":"auto","background-attachment":"scroll","background-type":"","background-media":"","overlay-type":"","overlay-color":"","overlay-opacity":"","overlay-gradient":""},"tablet":{"background-color":"","background-image":"","background-repeat":"repeat","background-position":"center center","background-size":"auto","background-attachment":"scroll","background-type":"","background-media":"","overlay-type":"","overlay-color":"","overlay-opacity":"","overlay-gradient":""},"mobile":{"background-color":"","background-image":"","background-repeat":"repeat","background-position":"center center","background-size":"auto","background-attachment":"scroll","background-type":"","background-media":"","overlay-type":"","overlay-color":"","overlay-opacity":"","overlay-gradient":""}},"ast-content-background-meta":{"desktop":{"background-color":"var(--ast-global-color-5)","background-image":"","background-repeat":"repeat","background-position":"center center","background-size":"auto","background-attachment":"scroll","background-type":"","background-media":"","overlay-type":"","overlay-color":"","overlay-opacity":"","overlay-gradient":""},"tablet":{"background-color":"var(--ast-global-color-5)","background-image":"","background-repeat":"repeat","background-position":"center center","background-size":"auto","background-attachment":"scroll","background-type":"","background-media":"","overlay-type":"","overlay-color":"","overlay-opacity":"","overlay-gradient":""},"mobile":{"background-color":"var(--ast-global-color-5)","background-image":"","background-repeat":"repeat","background-position":"center center","background-size":"auto","background-attachment":"scroll","background-type":"","background-media":"","overlay-type":"","overlay-color":"","overlay-opacity":"","overlay-gradient":""}},"footnotes":""},"class_list":["post-2815","page","type-page","status-publish","hentry"],"_links":{"self":[{"href":"https:\/\/platinumnanny.com\/fr\/wp-json\/wp\/v2\/pages\/2815","targetHints":{"allow":["GET"]}}],"collection":[{"href":"https:\/\/platinumnanny.com\/fr\/wp-json\/wp\/v2\/pages"}],"about":[{"href":"https:\/\/platinumnanny.com\/fr\/wp-json\/wp\/v2\/types\/page"}],"author":[{"embeddable":true,"href":"https:\/\/platinumnanny.com\/fr\/wp-json\/wp\/v2\/users\/1"}],"replies":[{"embeddable":true,"href":"https:\/\/platinumnanny.com\/fr\/wp-json\/wp\/v2\/comments?post=2815"}],"version-history":[{"count":3,"href":"https:\/\/platinumnanny.com\/fr\/wp-json\/wp\/v2\/pages\/2815\/revisions"}],"predecessor-version":[{"id":2844,"href":"https:\/\/platinumnanny.com\/fr\/wp-json\/wp\/v2\/pages\/2815\/revisions\/2844"}],"wp:attachment":[{"href":"https:\/\/platinumnanny.com\/fr\/wp-json\/wp\/v2\/media?parent=2815"}],"curies":[{"name":"wp","href":"https:\/\/api.w.org\/{rel}","templated":true}]}}