{"id":1873,"date":"2018-11-26T12:46:44","date_gmt":"2018-11-26T12:46:44","guid":{"rendered":"https:\/\/platinumnanny.com\/articles-tips-advice\/"},"modified":"2021-05-05T14:40:04","modified_gmt":"2021-05-05T14:40:04","slug":"blog","status":"publish","type":"page","link":"https:\/\/platinumnanny.com\/ru\/blog\/","title":{"rendered":"\u0411\u043b\u043e\u0433"},"content":{"rendered":"\r\n\r\n\t<h1>\r\n\t\t\t\t\t\u0411\u043b\u043e\u0433\r\n\t\t\t\t<\/h1>\r\n\t<h3>\r\n\t\t\t\t\tNous serions ravis de vous aider dans votre recherche. Nous avons de nombreuses nounous exp\u00e9riment\u00e9es, talentueuses et qualifi\u00e9es et d&#8217;Autres membres du personnel priv\u00e9 \u00e0 la recherche de leur prochain poste.\r\n\t\t\t\t<\/h3>\r\n\t\t\t<a href=\"https:\/\/platinumnanny.com\/fr\/contact\/\" target=\"_self\" role=\"button\" rel=\"noopener\">\r\n\t\t\t\t\t\tCONTACT\r\n\t\t<\/a>\r\n\t<h5>\r\n\t\t\t\t\tContact\r\n\t\t\t\t<\/h5>\r\n\t<ul>\r\n\t\t<li><a href=\"https:\/\/www.instagram.com\/platinumnannyagency\" target=\"_self\" rel=\"noopener\"><\/a>\t\t\t\t\r\n\t\t<\/li><li><a href=\"https:\/\/www.facebook.com\/platinumnanny\" target=\"_self\" rel=\"noopener\"><\/a>\t\t\t\t\r\n\t\t<\/li><li><a href=\"mailto:info@platinumnanny.com\" target=\"_self\" rel=\"noopener\"><\/a>\t\t\t\t\r\n\t\t<\/li><li>\t\t\t\t\r\n\t\t<\/li>\t<\/ul>\r\n\r\n","protected":false},"excerpt":{"rendered":"<p>\u0411\u043b\u043e\u0433 Nous serions ravis de vous aider dans votre recherche. Nous avons de nombreuses nounous exp\u00e9riment\u00e9es, talentueuses et qualifi\u00e9es et d&#8217;Autres membres du personnel priv\u00e9 \u00e0 la recherche de leur prochain poste. CONTACT Contact<\/p>\n","protected":false},"author":1,"featured_media":0,"parent":0,"menu_order":0,"comment_status":"closed","ping_status":"closed","template":"","meta":{"site-sidebar-layout":"no-sidebar","site-content-layout":"page-builder","ast-site-content-layout":"full-width-container","site-content-style":"unboxed","site-sidebar-style":"unboxed","ast-global-header-display":"","ast-banner-title-visibility":"","ast-main-header-display":"","ast-hfb-above-header-display":"","ast-hfb-below-header-display":"","ast-hfb-mobile-header-display":"","site-post-title":"disabled","ast-breadcrumbs-content":"","ast-featured-img":"disabled","footer-sml-layout":"","ast-disable-related-posts":"","theme-transparent-header-meta":"enabled","adv-header-id-meta":"","stick-header-meta":"","header-above-stick-meta":"","header-main-stick-meta":"","header-below-stick-meta":"","astra-migrate-meta-layouts":"default","ast-page-background-enabled":"default","ast-page-background-meta":{"desktop":{"background-color":"","background-image":"","background-repeat":"repeat","background-position":"center center","background-size":"auto","background-attachment":"scroll","background-type":"","background-media":"","overlay-type":"","overlay-color":"","overlay-opacity":"","overlay-gradient":""},"tablet":{"background-color":"","background-image":"","background-repeat":"repeat","background-position":"center center","background-size":"auto","background-attachment":"scroll","background-type":"","background-media":"","overlay-type":"","overlay-color":"","overlay-opacity":"","overlay-gradient":""},"mobile":{"background-color":"","background-image":"","background-repeat":"repeat","background-position":"center center","background-size":"auto","background-attachment":"scroll","background-type":"","background-media":"","overlay-type":"","overlay-color":"","overlay-opacity":"","overlay-gradient":""}},"ast-content-background-meta":{"desktop":{"background-color":"var(--ast-global-color-5)","background-image":"","background-repeat":"repeat","background-position":"center center","background-size":"auto","background-attachment":"scroll","background-type":"","background-media":"","overlay-type":"","overlay-color":"","overlay-opacity":"","overlay-gradient":""},"tablet":{"background-color":"var(--ast-global-color-5)","background-image":"","background-repeat":"repeat","background-position":"center center","background-size":"auto","background-attachment":"scroll","background-type":"","background-media":"","overlay-type":"","overlay-color":"","overlay-opacity":"","overlay-gradient":""},"mobile":{"background-color":"var(--ast-global-color-5)","background-image":"","background-repeat":"repeat","background-position":"center center","background-size":"auto","background-attachment":"scroll","background-type":"","background-media":"","overlay-type":"","overlay-color":"","overlay-opacity":"","overlay-gradient":""}},"footnotes":""},"class_list":["post-1873","page","type-page","status-publish","hentry"],"_links":{"self":[{"href":"https:\/\/platinumnanny.com\/ru\/wp-json\/wp\/v2\/pages\/1873","targetHints":{"allow":["GET"]}}],"collection":[{"href":"https:\/\/platinumnanny.com\/ru\/wp-json\/wp\/v2\/pages"}],"about":[{"href":"https:\/\/platinumnanny.com\/ru\/wp-json\/wp\/v2\/types\/page"}],"author":[{"embeddable":true,"href":"https:\/\/platinumnanny.com\/ru\/wp-json\/wp\/v2\/users\/1"}],"replies":[{"embeddable":true,"href":"https:\/\/platinumnanny.com\/ru\/wp-json\/wp\/v2\/comments?post=1873"}],"version-history":[{"count":3,"href":"https:\/\/platinumnanny.com\/ru\/wp-json\/wp\/v2\/pages\/1873\/revisions"}],"predecessor-version":[{"id":2132,"href":"https:\/\/platinumnanny.com\/ru\/wp-json\/wp\/v2\/pages\/1873\/revisions\/2132"}],"wp:attachment":[{"href":"https:\/\/platinumnanny.com\/ru\/wp-json\/wp\/v2\/media?parent=1873"}],"curies":[{"name":"wp","href":"https:\/\/api.w.org\/{rel}","templated":true}]}}